{"id":1485,"date":"2022-05-09T13:08:16","date_gmt":"2022-05-09T13:08:16","guid":{"rendered":"https:\/\/gradienskft.com\/subsidies\/"},"modified":"2022-05-09T13:08:16","modified_gmt":"2022-05-09T13:08:16","slug":"subsidies","status":"publish","type":"page","link":"https:\/\/gradienskft.hu\/en\/subsidies\/","title":{"rendered":"Subsidies"},"content":{"rendered":"\t\t<div data-elementor-type=\"wp-page\" data-elementor-id=\"1485\" class=\"elementor elementor-1485 elementor-1090\" data-elementor-settings=\"[]\">\n\t\t\t\t\t\t<div class=\"elementor-inner\">\n\t\t\t\t\t\t\t<div class=\"elementor-section-wrap\">\n\t\t\t\t\t\t\t<section class=\"elementor-section elementor-top-section elementor-element elementor-element-a3358dc elementor-section-boxed elementor-section-height-default elementor-section-height-default\" data-id=\"a3358dc\" data-element_type=\"section\">\n\t\t\t\t\t\t<div class=\"elementor-container elementor-column-gap-default\">\n\t\t\t\t\t\t\t<div class=\"elementor-row\">\n\t\t\t\t\t<div class=\"elementor-column elementor-col-100 elementor-top-column elementor-element elementor-element-e345758\" data-id=\"e345758\" data-element_type=\"column\">\n\t\t\t<div class=\"elementor-column-wrap elementor-element-populated\">\n\t\t\t\t\t\t\t<div class=\"elementor-widget-wrap\">\n\t\t\t\t\t\t<div class=\"elementor-element elementor-element-982da7b elementor-widget elementor-widget-image\" data-id=\"982da7b\" data-element_type=\"widget\" data-widget_type=\"image.default\">\n\t\t\t\t<div class=\"elementor-widget-container\">\n\t\t\t\t\t\t\t\t<div class=\"elementor-image\">\n\t\t\t\t\t\t\t\t\t\t\t\t<img width=\"600\" height=\"150\" src=\"https:\/\/gradienskft.hu\/wp-content\/uploads\/2021\/07\/ezgif.com-gif-maker.jpg\" class=\"attachment-large size-large\" alt=\"\" loading=\"lazy\" srcset=\"https:\/\/gradienskft.hu\/wp-content\/uploads\/2021\/07\/ezgif.com-gif-maker.jpg 600w, https:\/\/gradienskft.hu\/wp-content\/uploads\/2021\/07\/ezgif.com-gif-maker-300x75.jpg 300w, https:\/\/gradienskft.hu\/wp-content\/uploads\/2021\/07\/ezgif.com-gif-maker-324x81.jpg 324w, https:\/\/gradienskft.hu\/wp-content\/uploads\/2021\/07\/ezgif.com-gif-maker-416x104.jpg 416w\" sizes=\"(max-width: 600px) 100vw, 600px\" \/>\t\t\t\t\t\t\t\t\t\t\t\t\t\t<\/div>\n\t\t\t\t\t\t<\/div>\n\t\t\t\t<\/div>\n\t\t\t\t\t\t<\/div>\n\t\t\t\t\t<\/div>\n\t\t<\/div>\n\t\t\t\t\t\t\t\t<\/div>\n\t\t\t\t\t<\/div>\n\t\t<\/section>\n\t\t\t\t<section class=\"elementor-section elementor-top-section elementor-element elementor-element-1f496ed elementor-section-boxed elementor-section-height-default elementor-section-height-default\" data-id=\"1f496ed\" data-element_type=\"section\">\n\t\t\t\t\t\t<div class=\"elementor-container elementor-column-gap-default\">\n\t\t\t\t\t\t\t<div class=\"elementor-row\">\n\t\t\t\t\t<div class=\"elementor-column elementor-col-100 elementor-top-column elementor-element elementor-element-6ce6cb2\" data-id=\"6ce6cb2\" data-element_type=\"column\">\n\t\t\t<div class=\"elementor-column-wrap elementor-element-populated\">\n\t\t\t\t\t\t\t<div class=\"elementor-widget-wrap\">\n\t\t\t\t\t\t<div class=\"elementor-element elementor-element-1b2e7ad elementor-widget elementor-widget-text-editor\" data-id=\"1b2e7ad\" data-element_type=\"widget\" data-widget_type=\"text-editor.default\">\n\t\t\t\t<div class=\"elementor-widget-container\">\n\t\t\t\t\t\t\t\t<div class=\"elementor-text-editor elementor-clearfix\">\n\t\t\t\t\t<p>Project code: <b>EXP2020-NEP-000040<\/b><\/p>\n<p>Project title: <b>Nemzeti Exportv\u00e9delmi Program K\u00fclpiacrajut\u00e1si T\u00e1mogat\u00e1s<\/b><\/p>\n<p>Projet title: <b>Export fejleszt\u00e9s a Gradiens Kft.<\/b><\/p>\n<p>Amount of financing: <b>14 996 000 Ft<\/b><\/p>\n<\/p>\n<p>Gradiens Ltd. is pleased to announce that we implement a project financed by the Hungarian Export Development Agency.<\/p>\n<p>Our own-developed cosmetic and medicinal products reached the markets of Norway ans Slovakia in addition to the domestic market, but due to recent market development and improvements, a significant expansion is among the objectives. The development of the new, partly completed cosmetic product family was realized with this approach. The development was carried out jointly with Rossmann, which is the exclusive distributor of these products in the domestic market. The project targets the entry of these products to foreign markets by Gradiens Ltd. Our main target markets are Germany, Italy and Russia. The project will include the expansion and translation of product promotional materials and the translation of the website. The products will be presented at international trade fairs, where the clear goal is to significantly expand export opportunities, prepare the company and its products for foreign markets, and significantly increase export sales.<\/p>\n\t\t\t\t\t<\/div>\n\t\t\t\t\t\t<\/div>\n\t\t\t\t<\/div>\n\t\t\t\t<div class=\"elementor-element elementor-element-3c98169 elementor-widget elementor-widget-text-editor\" data-id=\"3c98169\" data-element_type=\"widget\" data-widget_type=\"text-editor.default\">\n\t\t\t\t<div class=\"elementor-widget-container\">\n\t\t\t\t\t\t\t\t<div class=\"elementor-text-editor elementor-clearfix\">\n\t\t\t\t\t<p>VEKOP<\/p>\n<p>&nbsp;&nbsp;&nbsp; &#8211; Project title: <b>Technol\u00f3giai fejleszt\u00e9s a Gradiens Kft-n\u00e9l<\/b><\/p>\n<p>&nbsp;&nbsp;&nbsp; &#8211; Project code: <b>VEKOP-1.2.6-20-2020-00055<\/b><\/p>\n<p>&nbsp;&nbsp;&nbsp; &#8211; Project duration: <b>2020.03.-2021.05.<\/b><\/p>\n<p>&nbsp;&nbsp;&nbsp; &#8211; Ovarall project cost: <b>27.857.143 Ft<\/b><\/p>\n<p>&nbsp;&nbsp;&nbsp; &#8211; Amount of financing: <b>17.500.000 Ft<\/b><\/p>\n<p>&nbsp;&nbsp;&nbsp; &#8211; Financed percent: <b>62,82%<\/b><\/p>\n<p>&nbsp;&nbsp;&nbsp; &#8211; Brief presentation of the project: Within the framework of the present technological development, developments have taken place to improve the competitiveness of the company and create new jobs. We have purchased several liquid filling and labeling machines, with the help of which we can package certain elements of our product range in accordance with the customer&#8217;s expectations and we can react quickly to the customer&#8217;s needs. The investment also included the acquisition of current assets, in which we mainly purchased special essential oils.<\/p><\/p>\n\t\t\t\t\t<\/div>\n\t\t\t\t\t\t<\/div>\n\t\t\t\t<\/div>\n\t\t\t\t\t\t<\/div>\n\t\t\t\t\t<\/div>\n\t\t<\/div>\n\t\t\t\t\t\t\t\t<\/div>\n\t\t\t\t\t<\/div>\n\t\t<\/section>\n\t\t\t\t\t\t<\/div>\n\t\t\t\t\t\t<\/div>\n\t\t\t\t\t<\/div>\n\t\t","protected":false},"excerpt":{"rendered":"<p>Project code: EXP2020-NEP-000040 Project title: Nemzeti Exportv\u00e9delmi Program K\u00fclpiacrajut\u00e1si T\u00e1mogat\u00e1s Projet title: Export fejleszt\u00e9s a Gradiens Kft. Amount of financing: 14 996 000 Ft Gradiens Ltd. is pleased to announce that we implement a project financed by the Hungarian Export Development Agency. Our own-developed cosmetic and medicinal products reached the markets of Norway ans Slovakia [&hellip;]<\/p>\n","protected":false},"author":1,"featured_media":0,"parent":0,"menu_order":0,"comment_status":"closed","ping_status":"closed","template":"elementor_header_footer","meta":[],"_links":{"self":[{"href":"https:\/\/gradienskft.hu\/en\/wp-json\/wp\/v2\/pages\/1485"}],"collection":[{"href":"https:\/\/gradienskft.hu\/en\/wp-json\/wp\/v2\/pages"}],"about":[{"href":"https:\/\/gradienskft.hu\/en\/wp-json\/wp\/v2\/types\/page"}],"author":[{"embeddable":true,"href":"https:\/\/gradienskft.hu\/en\/wp-json\/wp\/v2\/users\/1"}],"replies":[{"embeddable":true,"href":"https:\/\/gradienskft.hu\/en\/wp-json\/wp\/v2\/comments?post=1485"}],"version-history":[{"count":1,"href":"https:\/\/gradienskft.hu\/en\/wp-json\/wp\/v2\/pages\/1485\/revisions"}],"predecessor-version":[{"id":1486,"href":"https:\/\/gradienskft.hu\/en\/wp-json\/wp\/v2\/pages\/1485\/revisions\/1486"}],"wp:attachment":[{"href":"https:\/\/gradienskft.hu\/en\/wp-json\/wp\/v2\/media?parent=1485"}],"curies":[{"name":"wp","href":"https:\/\/api.w.org\/{rel}","templated":true}]}}